{"id":909,"date":"2018-09-20T14:38:56","date_gmt":"2018-09-20T12:38:56","guid":{"rendered":"http:\/\/amschloss.juwelieronline.de\/goldschmiede\/?page_id=909"},"modified":"2018-10-25T12:38:36","modified_gmt":"2018-10-25T10:38:36","slug":"gravurservice","status":"publish","type":"page","link":"https:\/\/juwelieramschloss.de\/goldschmiede\/schmuck\/gravurservice\/","title":{"rendered":"Gravurservice"},"content":{"rendered":"\t\t<div data-elementor-type=\"wp-post\" data-elementor-id=\"909\" class=\"elementor elementor-909 elementor-bc-flex-widget\">\n\t\t\t\t\t\t<div class=\"elementor-inner\">\n\t\t\t\t<div class=\"elementor-section-wrap\">\n\t\t\t\t\t\t\t\t\t<section class=\"has_ae_slider elementor-section elementor-top-section elementor-element elementor-element-043f62e elementor-section-boxed elementor-section-height-default elementor-section-height-default ae-bg-gallery-type-default\" data-id=\"043f62e\" data-element_type=\"section\">\n\t\t\t\t\t\t<div class=\"elementor-container elementor-column-gap-no\">\n\t\t\t\t\t\t\t<div class=\"elementor-row\">\n\t\t\t\t\t<div class=\"has_ae_slider elementor-column elementor-col-100 elementor-top-column elementor-element elementor-element-28f9587 ae-bg-gallery-type-default\" data-id=\"28f9587\" data-element_type=\"column\">\n\t\t\t<div class=\"elementor-column-wrap elementor-element-populated\">\n\t\t\t\t\t\t\t<div class=\"elementor-widget-wrap\">\n\t\t\t\t\t\t\t\t<\/div>\n\t\t\t\t\t<\/div>\n\t\t<\/div>\n\t\t\t\t\t\t\t\t<\/div>\n\t\t\t\t\t<\/div>\n\t\t<\/section>\n\t\t\t\t<section class=\"has_ae_slider elementor-section elementor-top-section elementor-element elementor-element-a04316d elementor-section-full_width elementor-section-height-min-height elementor-hidden-phone elementor-section-height-default elementor-section-items-middle ae-bg-gallery-type-default\" data-id=\"a04316d\" data-element_type=\"section\">\n\t\t\t\t\t\t<div class=\"elementor-container elementor-column-gap-default\">\n\t\t\t\t\t\t\t<div class=\"elementor-row\">\n\t\t\t\t\t<div class=\"has_ae_slider elementor-column elementor-col-50 elementor-top-column elementor-element elementor-element-71130b7 ae-bg-gallery-type-default\" data-id=\"71130b7\" data-element_type=\"column\">\n\t\t\t<div class=\"elementor-column-wrap\">\n\t\t\t\t\t\t\t<div class=\"elementor-widget-wrap\">\n\t\t\t\t\t\t\t\t<\/div>\n\t\t\t\t\t<\/div>\n\t\t<\/div>\n\t\t\t\t<div class=\"has_ae_slider elementor-column elementor-col-50 elementor-top-column elementor-element elementor-element-6915b3e ae-bg-gallery-type-default\" data-id=\"6915b3e\" data-element_type=\"column\" data-settings=\"{&quot;background_background&quot;:&quot;classic&quot;}\">\n\t\t\t<div class=\"elementor-column-wrap elementor-element-populated\">\n\t\t\t\t\t\t\t<div class=\"elementor-widget-wrap\">\n\t\t\t\t\t\t<div class=\"elementor-element elementor-element-8e4fd53 elementor-widget elementor-widget-spacer\" data-id=\"8e4fd53\" data-element_type=\"widget\" data-widget_type=\"spacer.default\">\n\t\t\t\t<div class=\"elementor-widget-container\">\n\t\t\t\t\t<div class=\"elementor-spacer\">\n\t\t\t<div class=\"elementor-spacer-inner\"><\/div>\n\t\t<\/div>\n\t\t\t\t<\/div>\n\t\t\t\t<\/div>\n\t\t\t\t\t\t<\/div>\n\t\t\t\t\t<\/div>\n\t\t<\/div>\n\t\t\t\t\t\t\t\t<\/div>\n\t\t\t\t\t<\/div>\n\t\t<\/section>\n\t\t\t\t<section class=\"has_ae_slider elementor-section elementor-top-section elementor-element elementor-element-14ced532 elementor-section-content-middle elementor-section-boxed elementor-section-height-default elementor-section-height-default ae-bg-gallery-type-default\" data-id=\"14ced532\" data-element_type=\"section\">\n\t\t\t\t\t\t<div class=\"elementor-container elementor-column-gap-default\">\n\t\t\t\t\t\t\t<div class=\"elementor-row\">\n\t\t\t\t\t<div class=\"has_ae_slider elementor-column elementor-col-50 elementor-top-column elementor-element elementor-element-73defe16 ae-bg-gallery-type-default\" data-id=\"73defe16\" data-element_type=\"column\" data-settings=\"{&quot;background_background&quot;:&quot;classic&quot;}\">\n\t\t\t<div class=\"elementor-column-wrap elementor-element-populated\">\n\t\t\t\t\t\t\t<div class=\"elementor-widget-wrap\">\n\t\t\t\t\t\t<div class=\"elementor-element elementor-element-3ac4f514 elementor-widget elementor-widget-heading\" data-id=\"3ac4f514\" data-element_type=\"widget\" data-widget_type=\"heading.default\">\n\t\t\t\t<div class=\"elementor-widget-container\">\n\t\t\t<h1 class=\"elementor-heading-title elementor-size-default\">Unser Gravurservice<\/h1>\t\t<\/div>\n\t\t\t\t<\/div>\n\t\t\t\t<div class=\"elementor-element elementor-element-5dcdf62a elementor-widget elementor-widget-heading\" data-id=\"5dcdf62a\" data-element_type=\"widget\" data-widget_type=\"heading.default\">\n\t\t\t\t<div class=\"elementor-widget-container\">\n\t\t\t<h2 class=\"elementor-heading-title elementor-size-default\">bei Goldschmiede Juw. am Schloss<\/h2>\t\t<\/div>\n\t\t\t\t<\/div>\n\t\t\t\t<div class=\"elementor-element elementor-element-3a35344 elementor-widget-divider--view-line elementor-widget elementor-widget-divider\" data-id=\"3a35344\" data-element_type=\"widget\" data-widget_type=\"divider.default\">\n\t\t\t\t<div class=\"elementor-widget-container\">\n\t\t\t\t\t<div class=\"elementor-divider\">\n\t\t\t<span class=\"elementor-divider-separator\">\n\t\t\t\t\t\t<\/span>\n\t\t<\/div>\n\t\t\t\t<\/div>\n\t\t\t\t<\/div>\n\t\t\t\t<div class=\"elementor-element elementor-element-5bf2e3e7 elementor-widget elementor-widget-text-editor\" data-id=\"5bf2e3e7\" data-element_type=\"widget\" data-widget_type=\"text-editor.default\">\n\t\t\t\t<div class=\"elementor-widget-container\">\n\t\t\t\t\t\t\t\t<div class=\"elementor-text-editor elementor-clearfix\">\n\t\t\t\t<p>Sie sind auf der Suche nach einem ganz besonderen Schmuck? Dann sind Sie bei Goldschmiede Juwelier am Schloss genau richtig! Bei uns k\u00f6nnen Sie Ihren Schmuck gravieren lassen und nach Ihren Vorstellungen umarbeiten lassen.\u00a0<\/p>\t\t\t\t\t<\/div>\n\t\t\t\t\t\t<\/div>\n\t\t\t\t<\/div>\n\t\t\t\t\t\t<\/div>\n\t\t\t\t\t<\/div>\n\t\t<\/div>\n\t\t\t\t<div class=\"has_ae_slider elementor-column elementor-col-50 elementor-top-column elementor-element elementor-element-603ba464 ae-bg-gallery-type-default\" data-id=\"603ba464\" data-element_type=\"column\">\n\t\t\t<div class=\"elementor-column-wrap elementor-element-populated\">\n\t\t\t\t\t\t\t<div class=\"elementor-widget-wrap\">\n\t\t\t\t\t\t<div class=\"elementor-element elementor-element-e2d2af8 elementor-widget elementor-widget-image\" data-id=\"e2d2af8\" data-element_type=\"widget\" data-widget_type=\"image.default\">\n\t\t\t\t<div class=\"elementor-widget-container\">\n\t\t\t\t\t\t\t\t<div class=\"elementor-image\">\n\t\t\t\t\t\t\t\t\t\t\t\t<img decoding=\"async\" width=\"800\" height=\"600\" src=\"https:\/\/juwelieramschloss.de\/goldschmiede\/wp-content\/uploads\/sites\/4\/2018\/09\/gravurservice-2.jpg\" class=\"attachment-full size-full wp-image-2997\" alt=\"Gravurservice, Gravur, Service - Goldschmiede Juwelier am Schloss in Schwetzingen\" loading=\"lazy\" srcset=\"https:\/\/juwelieramschloss.de\/goldschmiede\/wp-content\/uploads\/sites\/4\/2018\/09\/gravurservice-2.jpg 800w, https:\/\/juwelieramschloss.de\/goldschmiede\/wp-content\/uploads\/sites\/4\/2018\/09\/gravurservice-2-300x225.jpg 300w, https:\/\/juwelieramschloss.de\/goldschmiede\/wp-content\/uploads\/sites\/4\/2018\/09\/gravurservice-2-768x576.jpg 768w, https:\/\/juwelieramschloss.de\/goldschmiede\/wp-content\/uploads\/sites\/4\/2018\/09\/gravurservice-2-600x450.jpg 600w, https:\/\/juwelieramschloss.de\/goldschmiede\/wp-content\/uploads\/sites\/4\/2018\/09\/gravurservice-2-107x80.jpg 107w, https:\/\/juwelieramschloss.de\/goldschmiede\/wp-content\/uploads\/sites\/4\/2018\/09\/gravurservice-2-301x226.jpg 301w, https:\/\/juwelieramschloss.de\/goldschmiede\/wp-content\/uploads\/sites\/4\/2018\/09\/gravurservice-2-500x375.jpg 500w\" sizes=\"(max-width: 800px) 100vw, 800px\" \/>\t\t\t\t\t\t\t\t\t\t\t\t\t\t<\/div>\n\t\t\t\t\t\t<\/div>\n\t\t\t\t<\/div>\n\t\t\t\t\t\t<\/div>\n\t\t\t\t\t<\/div>\n\t\t<\/div>\n\t\t\t\t\t\t\t\t<\/div>\n\t\t\t\t\t<\/div>\n\t\t<\/section>\n\t\t\t\t<section class=\"has_ae_slider elementor-section elementor-top-section elementor-element elementor-element-e6cb128 elementor-section-boxed elementor-section-height-default elementor-section-height-default ae-bg-gallery-type-default\" data-id=\"e6cb128\" data-element_type=\"section\" data-settings=\"{&quot;background_background&quot;:&quot;classic&quot;}\">\n\t\t\t\t\t\t<div class=\"elementor-container elementor-column-gap-default\">\n\t\t\t\t\t\t\t<div class=\"elementor-row\">\n\t\t\t\t\t<div class=\"has_ae_slider elementor-column elementor-col-100 elementor-top-column elementor-element elementor-element-5b791ea ae-bg-gallery-type-default\" data-id=\"5b791ea\" data-element_type=\"column\" data-settings=\"{&quot;background_background&quot;:&quot;classic&quot;}\">\n\t\t\t<div class=\"elementor-column-wrap elementor-element-populated\">\n\t\t\t\t\t\t\t<div class=\"elementor-widget-wrap\">\n\t\t\t\t\t\t<div class=\"elementor-element elementor-element-2266a9a elementor-widget elementor-widget-spacer\" data-id=\"2266a9a\" data-element_type=\"widget\" data-widget_type=\"spacer.default\">\n\t\t\t\t<div class=\"elementor-widget-container\">\n\t\t\t\t\t<div class=\"elementor-spacer\">\n\t\t\t<div class=\"elementor-spacer-inner\"><\/div>\n\t\t<\/div>\n\t\t\t\t<\/div>\n\t\t\t\t<\/div>\n\t\t\t\t\t\t<\/div>\n\t\t\t\t\t<\/div>\n\t\t<\/div>\n\t\t\t\t\t\t\t\t<\/div>\n\t\t\t\t\t<\/div>\n\t\t<\/section>\n\t\t\t\t<section class=\"has_ae_slider elementor-section elementor-top-section elementor-element elementor-element-33549566 elementor-section-full_width elementor-section-height-min-height elementor-hidden-phone elementor-section-height-default elementor-section-items-middle ae-bg-gallery-type-default\" data-id=\"33549566\" data-element_type=\"section\">\n\t\t\t\t\t\t<div class=\"elementor-container elementor-column-gap-default\">\n\t\t\t\t\t\t\t<div class=\"elementor-row\">\n\t\t\t\t\t<div class=\"has_ae_slider elementor-column elementor-col-50 elementor-top-column elementor-element elementor-element-6806f78b ae-bg-gallery-type-default\" data-id=\"6806f78b\" data-element_type=\"column\">\n\t\t\t<div class=\"elementor-column-wrap\">\n\t\t\t\t\t\t\t<div class=\"elementor-widget-wrap\">\n\t\t\t\t\t\t\t\t<\/div>\n\t\t\t\t\t<\/div>\n\t\t<\/div>\n\t\t\t\t<div class=\"has_ae_slider elementor-column elementor-col-50 elementor-top-column elementor-element elementor-element-4df50fc0 ae-bg-gallery-type-default\" data-id=\"4df50fc0\" data-element_type=\"column\" data-settings=\"{&quot;background_background&quot;:&quot;classic&quot;}\">\n\t\t\t<div class=\"elementor-column-wrap elementor-element-populated\">\n\t\t\t\t\t\t\t<div class=\"elementor-widget-wrap\">\n\t\t\t\t\t\t<div class=\"elementor-element elementor-element-1e90ec09 elementor-widget elementor-widget-spacer\" data-id=\"1e90ec09\" data-element_type=\"widget\" data-widget_type=\"spacer.default\">\n\t\t\t\t<div class=\"elementor-widget-container\">\n\t\t\t\t\t<div class=\"elementor-spacer\">\n\t\t\t<div class=\"elementor-spacer-inner\"><\/div>\n\t\t<\/div>\n\t\t\t\t<\/div>\n\t\t\t\t<\/div>\n\t\t\t\t\t\t<\/div>\n\t\t\t\t\t<\/div>\n\t\t<\/div>\n\t\t\t\t\t\t\t\t<\/div>\n\t\t\t\t\t<\/div>\n\t\t<\/section>\n\t\t\t\t<section class=\"has_ae_slider elementor-section elementor-top-section elementor-element elementor-element-5c797e7e elementor-section-content-middle elementor-section-boxed elementor-section-height-default elementor-section-height-default ae-bg-gallery-type-default\" data-id=\"5c797e7e\" data-element_type=\"section\">\n\t\t\t\t\t\t<div class=\"elementor-container elementor-column-gap-default\">\n\t\t\t\t\t\t\t<div class=\"elementor-row\">\n\t\t\t\t\t<div class=\"has_ae_slider elementor-column elementor-col-50 elementor-top-column elementor-element elementor-element-7eed8439 ae-bg-gallery-type-default\" data-id=\"7eed8439\" data-element_type=\"column\" data-settings=\"{&quot;background_background&quot;:&quot;classic&quot;}\">\n\t\t\t<div class=\"elementor-column-wrap elementor-element-populated\">\n\t\t\t\t\t\t\t<div class=\"elementor-widget-wrap\">\n\t\t\t\t\t\t<div class=\"elementor-element elementor-element-5d3dd704 elementor-widget elementor-widget-heading\" data-id=\"5d3dd704\" data-element_type=\"widget\" data-widget_type=\"heading.default\">\n\t\t\t\t<div class=\"elementor-widget-container\">\n\t\t\t<h3 class=\"elementor-heading-title elementor-size-default\">Unsere Goldschmiede<\/h3>\t\t<\/div>\n\t\t\t\t<\/div>\n\t\t\t\t<div class=\"elementor-element elementor-element-402d2519 elementor-widget elementor-widget-heading\" data-id=\"402d2519\" data-element_type=\"widget\" data-widget_type=\"heading.default\">\n\t\t\t\t<div class=\"elementor-widget-container\">\n\t\t\t<h3 class=\"elementor-heading-title elementor-size-default\">Juwelier am Schloss in Schwetzingen<\/h3>\t\t<\/div>\n\t\t\t\t<\/div>\n\t\t\t\t<div class=\"elementor-element elementor-element-31c86d43 elementor-widget-divider--view-line elementor-widget elementor-widget-divider\" data-id=\"31c86d43\" data-element_type=\"widget\" data-widget_type=\"divider.default\">\n\t\t\t\t<div class=\"elementor-widget-container\">\n\t\t\t\t\t<div class=\"elementor-divider\">\n\t\t\t<span class=\"elementor-divider-separator\">\n\t\t\t\t\t\t<\/span>\n\t\t<\/div>\n\t\t\t\t<\/div>\n\t\t\t\t<\/div>\n\t\t\t\t<div class=\"elementor-element elementor-element-618c5b46 elementor-widget elementor-widget-text-editor\" data-id=\"618c5b46\" data-element_type=\"widget\" data-widget_type=\"text-editor.default\">\n\t\t\t\t<div class=\"elementor-widget-container\">\n\t\t\t\t\t\t\t\t<div class=\"elementor-text-editor elementor-clearfix\">\n\t\t\t\t<p>Bei uns ist Ihr Gold- und Silberschmuck in den besten H\u00e4nden. Sei es eine Gravur, die \u00c4nderung der Ringgr\u00f6\u00dfe oder eine Reparatur \u2013 wir nehmen uns Ihres Schmuckst\u00fccks fachm\u00e4nnisch und mit Fingerspitzengef\u00fchl an.\u00a0\u00a0<\/p>\t\t\t\t\t<\/div>\n\t\t\t\t\t\t<\/div>\n\t\t\t\t<\/div>\n\t\t\t\t<div class=\"elementor-element elementor-element-7ebe18e3 elementor-widget elementor-widget-button\" data-id=\"7ebe18e3\" data-element_type=\"widget\" data-widget_type=\"button.default\">\n\t\t\t\t<div class=\"elementor-widget-container\">\n\t\t\t\t\t<div class=\"elementor-button-wrapper\">\n\t\t\t<a class=\"elementor-button elementor-button-link elementor-size-sm\" href=\"\/goldschmiede\/schmuck\/goldschmiede\/\">\n\t\t\t\t\t\t<span class=\"elementor-button-content-wrapper\">\n\t\t\t\t\t\t<span class=\"elementor-button-text\">Jetzt entdecken<\/span>\n\t\t<\/span>\n\t\t\t\t\t<\/a>\n\t\t<\/div>\n\t\t\t\t<\/div>\n\t\t\t\t<\/div>\n\t\t\t\t\t\t<\/div>\n\t\t\t\t\t<\/div>\n\t\t<\/div>\n\t\t\t\t<div class=\"has_ae_slider elementor-column elementor-col-50 elementor-top-column elementor-element elementor-element-64329c3d ae-bg-gallery-type-default\" data-id=\"64329c3d\" data-element_type=\"column\">\n\t\t\t<div class=\"elementor-column-wrap elementor-element-populated\">\n\t\t\t\t\t\t\t<div class=\"elementor-widget-wrap\">\n\t\t\t\t\t\t<div class=\"elementor-element elementor-element-3ab03375 elementor-widget elementor-widget-image\" data-id=\"3ab03375\" data-element_type=\"widget\" data-widget_type=\"image.default\">\n\t\t\t\t<div class=\"elementor-widget-container\">\n\t\t\t\t\t\t\t\t<div class=\"elementor-image\">\n\t\t\t\t\t\t\t\t\t\t\t\t<img decoding=\"async\" width=\"800\" height=\"600\" src=\"https:\/\/juwelieramschloss.de\/goldschmiede\/wp-content\/uploads\/sites\/4\/2018\/09\/Goldschmiede-Werkstatt.jpg\" class=\"attachment-full size-full wp-image-1107\" alt=\"\" loading=\"lazy\" srcset=\"https:\/\/juwelieramschloss.de\/goldschmiede\/wp-content\/uploads\/sites\/4\/2018\/09\/Goldschmiede-Werkstatt.jpg 800w, https:\/\/juwelieramschloss.de\/goldschmiede\/wp-content\/uploads\/sites\/4\/2018\/09\/Goldschmiede-Werkstatt-300x225.jpg 300w, https:\/\/juwelieramschloss.de\/goldschmiede\/wp-content\/uploads\/sites\/4\/2018\/09\/Goldschmiede-Werkstatt-768x576.jpg 768w, https:\/\/juwelieramschloss.de\/goldschmiede\/wp-content\/uploads\/sites\/4\/2018\/09\/Goldschmiede-Werkstatt-600x450.jpg 600w, https:\/\/juwelieramschloss.de\/goldschmiede\/wp-content\/uploads\/sites\/4\/2018\/09\/Goldschmiede-Werkstatt-107x80.jpg 107w, https:\/\/juwelieramschloss.de\/goldschmiede\/wp-content\/uploads\/sites\/4\/2018\/09\/Goldschmiede-Werkstatt-301x226.jpg 301w, https:\/\/juwelieramschloss.de\/goldschmiede\/wp-content\/uploads\/sites\/4\/2018\/09\/Goldschmiede-Werkstatt-500x375.jpg 500w\" sizes=\"(max-width: 800px) 100vw, 800px\" \/>\t\t\t\t\t\t\t\t\t\t\t\t\t\t<\/div>\n\t\t\t\t\t\t<\/div>\n\t\t\t\t<\/div>\n\t\t\t\t\t\t<\/div>\n\t\t\t\t\t<\/div>\n\t\t<\/div>\n\t\t\t\t\t\t\t\t<\/div>\n\t\t\t\t\t<\/div>\n\t\t<\/section>\n\t\t\t\t\t\t\t\t\t<\/div>\n\t\t\t<\/div>\n\t\t\t\t\t<\/div>\n\t\t","protected":false},"excerpt":{"rendered":"<p>Smart Slider with ID: 30 Unser Gravurservice bei Goldschmiede Juw. am Schloss Sie sind auf der Suche nach einem ganz besonderen Schmuck? Dann sind Sie bei Goldschmiede Juwelier am Schloss genau richtig! Bei uns k\u00f6nnen Sie Ihren Schmuck gravieren lassen und nach Ihren Vorstellungen umarbeiten lassen.\u00a0 Unsere Goldschmiede Juwelier am Schloss in Schwetzingen Bei uns &hellip;<\/p>\n<p class=\"read-more\"> <a class=\"\" href=\"https:\/\/juwelieramschloss.de\/goldschmiede\/schmuck\/gravurservice\/\"> <span class=\"screen-reader-text\">Gravurservice<\/span> Weiterlesen &raquo;<\/a><\/p>\n","protected":false},"author":6,"featured_media":0,"parent":242,"menu_order":0,"comment_status":"closed","ping_status":"closed","template":"","meta":{"site-sidebar-layout":"no-sidebar","site-content-layout":"page-builder","ast-global-header-display":"","ast-banner-title-visibility":"","ast-main-header-display":"","ast-hfb-above-header-display":"","ast-hfb-below-header-display":"","ast-hfb-mobile-header-display":"","site-post-title":"disabled","ast-breadcrumbs-content":"","ast-featured-img":"disabled","footer-sml-layout":"","theme-transparent-header-meta":"","adv-header-id-meta":"","stick-header-meta":"","header-above-stick-meta":"","header-main-stick-meta":"","header-below-stick-meta":""},"product_cat":[],"acf":[],"yoast_head":"<!-- This site is optimized with the Yoast SEO plugin v20.9 - https:\/\/yoast.com\/wordpress\/plugins\/seo\/ -->\n<title>Gravurservice - Goldschmiede Juwelier Am Schloss<\/title>\n<meta name=\"robots\" content=\"index, follow, max-snippet:-1, max-image-preview:large, max-video-preview:-1\" \/>\n<link rel=\"canonical\" href=\"https:\/\/juwelieramschloss.de\/goldschmiede\/schmuck\/gravurservice\/\" \/>\n<meta property=\"og:locale\" content=\"de_DE\" \/>\n<meta property=\"og:type\" content=\"article\" \/>\n<meta property=\"og:title\" content=\"Gravurservice - Goldschmiede Juwelier Am Schloss\" \/>\n<meta property=\"og:description\" content=\"Smart Slider with ID: 30 Unser Gravurservice bei Goldschmiede Juw. am Schloss Sie sind auf der Suche nach einem ganz besonderen Schmuck? Dann sind Sie bei Goldschmiede Juwelier am Schloss genau richtig! Bei uns k\u00f6nnen Sie Ihren Schmuck gravieren lassen und nach Ihren Vorstellungen umarbeiten lassen.\u00a0 Unsere Goldschmiede Juwelier am Schloss in Schwetzingen Bei uns &hellip; Gravurservice Weiterlesen &raquo;\" \/>\n<meta property=\"og:url\" content=\"https:\/\/juwelieramschloss.de\/goldschmiede\/schmuck\/gravurservice\/\" \/>\n<meta property=\"og:site_name\" content=\"Goldschmiede Juwelier Am Schloss\" \/>\n<meta property=\"article:modified_time\" content=\"2018-10-25T10:38:36+00:00\" \/>\n<meta property=\"og:image\" content=\"https:\/\/juwelieramschloss.de\/goldschmiede\/wp-content\/uploads\/sites\/4\/2018\/09\/gravurservice-2.jpg\" \/>\n<meta name=\"twitter:card\" content=\"summary_large_image\" \/>\n<script type=\"application\/ld+json\" class=\"yoast-schema-graph\">{\"@context\":\"https:\/\/schema.org\",\"@graph\":[{\"@type\":\"WebPage\",\"@id\":\"https:\/\/juwelieramschloss.de\/goldschmiede\/schmuck\/gravurservice\/\",\"url\":\"https:\/\/juwelieramschloss.de\/goldschmiede\/schmuck\/gravurservice\/\",\"name\":\"Gravurservice - Goldschmiede Juwelier Am Schloss\",\"isPartOf\":{\"@id\":\"https:\/\/juwelieramschloss.de\/goldschmiede\/#website\"},\"datePublished\":\"2018-09-20T12:38:56+00:00\",\"dateModified\":\"2018-10-25T10:38:36+00:00\",\"breadcrumb\":{\"@id\":\"https:\/\/juwelieramschloss.de\/goldschmiede\/schmuck\/gravurservice\/#breadcrumb\"},\"inLanguage\":\"de\",\"potentialAction\":[{\"@type\":\"ReadAction\",\"target\":[\"https:\/\/juwelieramschloss.de\/goldschmiede\/schmuck\/gravurservice\/\"]}]},{\"@type\":\"BreadcrumbList\",\"@id\":\"https:\/\/juwelieramschloss.de\/goldschmiede\/schmuck\/gravurservice\/#breadcrumb\",\"itemListElement\":[{\"@type\":\"ListItem\",\"position\":1,\"name\":\"Startseite\",\"item\":\"https:\/\/juwelieramschloss.de\/goldschmiede\/\"},{\"@type\":\"ListItem\",\"position\":2,\"name\":\"Schmuck\",\"item\":\"https:\/\/juwelieramschloss.de\/goldschmiede\/schmuck\/\"},{\"@type\":\"ListItem\",\"position\":3,\"name\":\"Gravurservice\"}]},{\"@type\":\"WebSite\",\"@id\":\"https:\/\/juwelieramschloss.de\/goldschmiede\/#website\",\"url\":\"https:\/\/juwelieramschloss.de\/goldschmiede\/\",\"name\":\"Goldschmiede Juwelier Am Schloss\",\"description\":\"\",\"publisher\":{\"@id\":\"https:\/\/juwelieramschloss.de\/goldschmiede\/#organization\"},\"potentialAction\":[{\"@type\":\"SearchAction\",\"target\":{\"@type\":\"EntryPoint\",\"urlTemplate\":\"https:\/\/juwelieramschloss.de\/goldschmiede\/?s={search_term_string}\"},\"query-input\":\"required name=search_term_string\"}],\"inLanguage\":\"de\"},{\"@type\":\"Organization\",\"@id\":\"https:\/\/juwelieramschloss.de\/goldschmiede\/#organization\",\"name\":\"Goldschmiede Juwelier Am Schloss\",\"url\":\"https:\/\/juwelieramschloss.de\/goldschmiede\/\",\"logo\":{\"@type\":\"ImageObject\",\"inLanguage\":\"de\",\"@id\":\"https:\/\/juwelieramschloss.de\/goldschmiede\/#\/schema\/logo\/image\/\",\"url\":\"https:\/\/juwelieramschloss.de\/goldschmiede\/wp-content\/uploads\/sites\/4\/2018\/08\/geschwill-juwelier-Logo-2025-neu.png\",\"contentUrl\":\"https:\/\/juwelieramschloss.de\/goldschmiede\/wp-content\/uploads\/sites\/4\/2018\/08\/geschwill-juwelier-Logo-2025-neu.png\",\"width\":1000,\"height\":567,\"caption\":\"Goldschmiede Juwelier Am Schloss\"},\"image\":{\"@id\":\"https:\/\/juwelieramschloss.de\/goldschmiede\/#\/schema\/logo\/image\/\"}}]}<\/script>\n<!-- \/ Yoast SEO plugin. -->","yoast_head_json":{"title":"Gravurservice - Goldschmiede Juwelier Am Schloss","robots":{"index":"index","follow":"follow","max-snippet":"max-snippet:-1","max-image-preview":"max-image-preview:large","max-video-preview":"max-video-preview:-1"},"canonical":"https:\/\/juwelieramschloss.de\/goldschmiede\/schmuck\/gravurservice\/","og_locale":"de_DE","og_type":"article","og_title":"Gravurservice - Goldschmiede Juwelier Am Schloss","og_description":"Smart Slider with ID: 30 Unser Gravurservice bei Goldschmiede Juw. am Schloss Sie sind auf der Suche nach einem ganz besonderen Schmuck? Dann sind Sie bei Goldschmiede Juwelier am Schloss genau richtig! Bei uns k\u00f6nnen Sie Ihren Schmuck gravieren lassen und nach Ihren Vorstellungen umarbeiten lassen.\u00a0 Unsere Goldschmiede Juwelier am Schloss in Schwetzingen Bei uns &hellip; Gravurservice Weiterlesen &raquo;","og_url":"https:\/\/juwelieramschloss.de\/goldschmiede\/schmuck\/gravurservice\/","og_site_name":"Goldschmiede Juwelier Am Schloss","article_modified_time":"2018-10-25T10:38:36+00:00","og_image":[{"url":"https:\/\/juwelieramschloss.de\/goldschmiede\/wp-content\/uploads\/sites\/4\/2018\/09\/gravurservice-2.jpg"}],"twitter_card":"summary_large_image","schema":{"@context":"https:\/\/schema.org","@graph":[{"@type":"WebPage","@id":"https:\/\/juwelieramschloss.de\/goldschmiede\/schmuck\/gravurservice\/","url":"https:\/\/juwelieramschloss.de\/goldschmiede\/schmuck\/gravurservice\/","name":"Gravurservice - Goldschmiede Juwelier Am Schloss","isPartOf":{"@id":"https:\/\/juwelieramschloss.de\/goldschmiede\/#website"},"datePublished":"2018-09-20T12:38:56+00:00","dateModified":"2018-10-25T10:38:36+00:00","breadcrumb":{"@id":"https:\/\/juwelieramschloss.de\/goldschmiede\/schmuck\/gravurservice\/#breadcrumb"},"inLanguage":"de","potentialAction":[{"@type":"ReadAction","target":["https:\/\/juwelieramschloss.de\/goldschmiede\/schmuck\/gravurservice\/"]}]},{"@type":"BreadcrumbList","@id":"https:\/\/juwelieramschloss.de\/goldschmiede\/schmuck\/gravurservice\/#breadcrumb","itemListElement":[{"@type":"ListItem","position":1,"name":"Startseite","item":"https:\/\/juwelieramschloss.de\/goldschmiede\/"},{"@type":"ListItem","position":2,"name":"Schmuck","item":"https:\/\/juwelieramschloss.de\/goldschmiede\/schmuck\/"},{"@type":"ListItem","position":3,"name":"Gravurservice"}]},{"@type":"WebSite","@id":"https:\/\/juwelieramschloss.de\/goldschmiede\/#website","url":"https:\/\/juwelieramschloss.de\/goldschmiede\/","name":"Goldschmiede Juwelier Am Schloss","description":"","publisher":{"@id":"https:\/\/juwelieramschloss.de\/goldschmiede\/#organization"},"potentialAction":[{"@type":"SearchAction","target":{"@type":"EntryPoint","urlTemplate":"https:\/\/juwelieramschloss.de\/goldschmiede\/?s={search_term_string}"},"query-input":"required name=search_term_string"}],"inLanguage":"de"},{"@type":"Organization","@id":"https:\/\/juwelieramschloss.de\/goldschmiede\/#organization","name":"Goldschmiede Juwelier Am Schloss","url":"https:\/\/juwelieramschloss.de\/goldschmiede\/","logo":{"@type":"ImageObject","inLanguage":"de","@id":"https:\/\/juwelieramschloss.de\/goldschmiede\/#\/schema\/logo\/image\/","url":"https:\/\/juwelieramschloss.de\/goldschmiede\/wp-content\/uploads\/sites\/4\/2018\/08\/geschwill-juwelier-Logo-2025-neu.png","contentUrl":"https:\/\/juwelieramschloss.de\/goldschmiede\/wp-content\/uploads\/sites\/4\/2018\/08\/geschwill-juwelier-Logo-2025-neu.png","width":1000,"height":567,"caption":"Goldschmiede Juwelier Am Schloss"},"image":{"@id":"https:\/\/juwelieramschloss.de\/goldschmiede\/#\/schema\/logo\/image\/"}}]}},"_links":{"self":[{"href":"https:\/\/juwelieramschloss.de\/goldschmiede\/wp-json\/wp\/v2\/pages\/909"}],"collection":[{"href":"https:\/\/juwelieramschloss.de\/goldschmiede\/wp-json\/wp\/v2\/pages"}],"about":[{"href":"https:\/\/juwelieramschloss.de\/goldschmiede\/wp-json\/wp\/v2\/types\/page"}],"author":[{"embeddable":true,"href":"https:\/\/juwelieramschloss.de\/goldschmiede\/wp-json\/wp\/v2\/users\/6"}],"replies":[{"embeddable":true,"href":"https:\/\/juwelieramschloss.de\/goldschmiede\/wp-json\/wp\/v2\/comments?post=909"}],"version-history":[{"count":7,"href":"https:\/\/juwelieramschloss.de\/goldschmiede\/wp-json\/wp\/v2\/pages\/909\/revisions"}],"predecessor-version":[{"id":3224,"href":"https:\/\/juwelieramschloss.de\/goldschmiede\/wp-json\/wp\/v2\/pages\/909\/revisions\/3224"}],"up":[{"embeddable":true,"href":"https:\/\/juwelieramschloss.de\/goldschmiede\/wp-json\/wp\/v2\/pages\/242"}],"wp:attachment":[{"href":"https:\/\/juwelieramschloss.de\/goldschmiede\/wp-json\/wp\/v2\/media?parent=909"}],"wp:term":[{"taxonomy":"product_cat","embeddable":true,"href":"https:\/\/juwelieramschloss.de\/goldschmiede\/wp-json\/wp\/v2\/product_cat?post=909"}],"curies":[{"name":"wp","href":"https:\/\/api.w.org\/{rel}","templated":true}]}}